{"id":30,"date":"2025-04-28T09:59:57","date_gmt":"2025-04-28T07:59:57","guid":{"rendered":"https:\/\/www.lubrise.se\/index.php\/homepage\/"},"modified":"2026-03-04T08:10:16","modified_gmt":"2026-03-04T07:10:16","slug":"hem","status":"publish","type":"page","link":"https:\/\/lubrise.se\/","title":{"rendered":"Hem"},"content":{"rendered":"\t\t<div data-elementor-type=\"wp-page\" data-elementor-id=\"30\" class=\"elementor elementor-30\" data-elementor-post-type=\"page\">\n\t\t\t\t<div class=\"elementor-element elementor-element-6fbda878 e-con-full e-flex e-con e-parent\" data-id=\"6fbda878\" data-element_type=\"container\" data-e-type=\"container\" data-settings=\"{&quot;jet_parallax_layout_list&quot;:[]}\">\n\t\t\t\t<div class=\"elementor-element elementor-element-6c08c13 elementor-widget elementor-widget-image\" data-id=\"6c08c13\" data-element_type=\"widget\" data-e-type=\"widget\" data-widget_type=\"image.default\">\n\t\t\t\t<div class=\"elementor-widget-container\">\n\t\t\t\t\t\t\t\t\t\t\t\t\t\t\t<img fetchpriority=\"high\" decoding=\"async\" width=\"2500\" height=\"1031\" src=\"https:\/\/lubrise.se\/wp-content\/uploads\/2026\/02\/Lubrise-startsida-produkter.jpg\" class=\"attachment-full size-full wp-image-21204\" alt=\"\" srcset=\"https:\/\/lubrise.se\/wp-content\/uploads\/2026\/02\/Lubrise-startsida-produkter.jpg 2500w, https:\/\/lubrise.se\/wp-content\/uploads\/2026\/02\/Lubrise-startsida-produkter-300x124.jpg 300w, https:\/\/lubrise.se\/wp-content\/uploads\/2026\/02\/Lubrise-startsida-produkter-1024x422.jpg 1024w, https:\/\/lubrise.se\/wp-content\/uploads\/2026\/02\/Lubrise-startsida-produkter-768x317.jpg 768w, https:\/\/lubrise.se\/wp-content\/uploads\/2026\/02\/Lubrise-startsida-produkter-1536x633.jpg 1536w, https:\/\/lubrise.se\/wp-content\/uploads\/2026\/02\/Lubrise-startsida-produkter-2048x845.jpg 2048w\" sizes=\"(max-width: 2500px) 100vw, 2500px\" \/>\t\t\t\t\t\t\t\t\t\t\t\t\t\t\t<\/div>\n\t\t\t\t<\/div>\n\t\t\t\t<div class=\"elementor-element elementor-element-c7e0036 elementor-widget elementor-widget-cta\" data-id=\"c7e0036\" data-element_type=\"widget\" data-e-type=\"widget\" data-settings=\"{&quot;layout_preset&quot;:&quot;streamline&quot;,&quot;cta_width_mobile&quot;:&quot;stretch&quot;,&quot;content_alignment&quot;:&quot;center&quot;,&quot;content_alignment_tablet&quot;:&quot;center&quot;,&quot;content_alignment_mobile&quot;:&quot;center&quot;,&quot;primary_button_shape&quot;:&quot;default&quot;,&quot;secondary_button_shape&quot;:&quot;default&quot;,&quot;cta_width&quot;:&quot;default&quot;,&quot;cta_position&quot;:&quot;default&quot;,&quot;box_shape&quot;:&quot;sharp&quot;}\" data-widget_type=\"cta.default\">\n\t\t\t\t<div class=\"elementor-widget-container\">\n\t\t\t\t\t\t\t<div class=\"has-shape-sharp shape-type-box ehp-cta has-preset-streamline\">\n\t\t\t<div class=\"ehp-cta__overlay\"><\/div>\n\t\t\t<div class=\"ehp-cta__elements-container\">\n\t\t\t\t\t\t<div class=\"ehp-cta__text-container\">\n\t\t\t<h1 class=\"ehp-cta__heading\">H\u00f6gkvalitativa sm\u00f6rjmedel f\u00f6r industri och livsmedel\n<\/h1><p class=\"ehp-cta__description\">Uppt\u00e4ck v\u00e5ra h\u00f6gkvalitativa aerosoler och fetter som garanterar s\u00e4ker och effektiv drift till er verksamhet.<br>\nV\u00e4lj Lubrise f\u00f6r p\u00e5litlighet som st\u00e4rker din produktion.<\/p>\t\t<\/div>\n\t\t\t\t\t<div class=\"ehp-cta__ctas-container has-cta-width-default has-cta-width-sm-stretch\">\n\t\t\t\t<div class=\"ehp-cta__buttons-wrapper\">\n\t\t\t\t\t\t\t<a class=\"has-shape-default shape-type-button ehp-button ehp-button--primary ehp-cta__button ehp-cta__button--primary is-type-button\" href=\"https:\/\/www.lubrise.se\/index.php\/aterforsaljare\/\">\n\t\t\t\t\t<span class=\"ehp-button__text ehp-cta__button-text ehp-cta__button-text--primary\">\n\t\t\tV\u00e5ra \u00e5terf\u00f6rs\u00e4ljare\t\t\t\t<\/a>\n\t\t\t\t\t\t\t\t\t<a class=\"has-shape-default shape-type-button ehp-button ehp-button--secondary ehp-cta__button ehp-cta__button--secondary is-type-button\" href=\"https:\/\/www.lubrise.se\/index.php\/kontakta-oss\/\">\n\t\t\t\t\t<span class=\"ehp-button__text ehp-cta__button-text ehp-cta__button-text--secondary\">\n\t\t\tKontakta oss\t\t\t\t<\/a>\n\t\t\t\t\t\t<\/div>\n\t\t\t<\/div>\n\t\t\t\t\t<\/div>\n\t\t<\/div>\n\t\t\t\t\t\t<\/div>\n\t\t\t\t<\/div>\n\t\t<div class=\"elementor-element elementor-element-8db1c10 e-flex e-con-boxed e-con e-child\" data-id=\"8db1c10\" data-element_type=\"container\" data-e-type=\"container\" data-settings=\"{&quot;jet_parallax_layout_list&quot;:[]}\">\n\t\t\t\t\t<div class=\"e-con-inner\">\n\t\t\t\t<div class=\"elementor-element elementor-element-54e4087 elementor-align-center elementor-widget elementor-widget-button\" data-id=\"54e4087\" data-element_type=\"widget\" data-e-type=\"widget\" data-settings=\"{&quot;_animation&quot;:&quot;none&quot;}\" data-widget_type=\"button.default\">\n\t\t\t\t<div class=\"elementor-widget-container\">\n\t\t\t\t\t\t\t\t\t<div class=\"elementor-button-wrapper\">\n\t\t\t\t\t<a class=\"elementor-button elementor-button-link elementor-size-sm\" href=\"https:\/\/www.lubrise.se\/index.php\/kontakta-oss\/\">\n\t\t\t\t\t\t<span class=\"elementor-button-content-wrapper\">\n\t\t\t\t\t\t\t\t\t<span class=\"elementor-button-text\">Vill du bli \u00e5terf\u00f6rs\u00e4ljare? Kontakta oss h\u00e4r &gt;&gt;<\/span>\n\t\t\t\t\t<\/span>\n\t\t\t\t\t<\/a>\n\t\t\t\t<\/div>\n\t\t\t\t\t\t\t\t<\/div>\n\t\t\t\t<\/div>\n\t\t\t\t\t<\/div>\n\t\t\t\t<\/div>\n\t\t\t\t<\/div>\n\t\t<div class=\"elementor-element elementor-element-c939f19 e-grid e-con-full e-con e-parent\" data-id=\"c939f19\" data-element_type=\"container\" data-e-type=\"container\" data-settings=\"{&quot;jet_parallax_layout_list&quot;:[]}\">\n\t\t<div class=\"elementor-element elementor-element-25a126b e-con-full e-flex e-con e-child\" data-id=\"25a126b\" data-element_type=\"container\" data-e-type=\"container\" data-settings=\"{&quot;background_background&quot;:&quot;classic&quot;,&quot;background_motion_fx_motion_fx_scrolling&quot;:&quot;yes&quot;,&quot;jet_parallax_layout_list&quot;:[],&quot;background_motion_fx_devices&quot;:[&quot;desktop&quot;,&quot;tablet&quot;,&quot;mobile&quot;]}\">\n\t\t\t\t<div class=\"elementor-element elementor-element-a9f6b97 elementor-widget elementor-widget-heading\" data-id=\"a9f6b97\" data-element_type=\"widget\" data-e-type=\"widget\" data-widget_type=\"heading.default\">\n\t\t\t\t<div class=\"elementor-widget-container\">\n\t\t\t\t\t<h2 class=\"elementor-heading-title elementor-size-default\"><a href=\"https:\/\/www.lubrise.se\/index.php\/livsmedelsanpassade-produkter\/\">Livsmedelsanpassade produkter<\/a><\/h2>\t\t\t\t<\/div>\n\t\t\t\t<\/div>\n\t\t\t\t<\/div>\n\t\t<div class=\"elementor-element elementor-element-64ccf08 e-con-full e-flex e-con e-child\" data-id=\"64ccf08\" data-element_type=\"container\" data-e-type=\"container\" data-settings=\"{&quot;background_background&quot;:&quot;classic&quot;,&quot;jet_parallax_layout_list&quot;:[]}\">\n\t\t\t\t<div class=\"elementor-element elementor-element-7b7e445 elementor-widget elementor-widget-heading\" data-id=\"7b7e445\" data-element_type=\"widget\" data-e-type=\"widget\" data-widget_type=\"heading.default\">\n\t\t\t\t<div class=\"elementor-widget-container\">\n\t\t\t\t\t<h2 class=\"elementor-heading-title elementor-size-default\"><a href=\"https:\/\/www.lubrise.se\/index.php\/smorjande-losande-aersoler\/\">Sm\u00f6rjande &amp; l\u00f6sande Aersoler<\/a><\/h2>\t\t\t\t<\/div>\n\t\t\t\t<\/div>\n\t\t\t\t<\/div>\n\t\t<div class=\"elementor-element elementor-element-de47a3f e-con-full e-flex e-con e-child\" data-id=\"de47a3f\" data-element_type=\"container\" data-e-type=\"container\" data-settings=\"{&quot;background_background&quot;:&quot;classic&quot;,&quot;jet_parallax_layout_list&quot;:[]}\">\n\t\t\t\t<div class=\"elementor-element elementor-element-7bb3cc1 elementor-widget elementor-widget-heading\" data-id=\"7bb3cc1\" data-element_type=\"widget\" data-e-type=\"widget\" data-widget_type=\"heading.default\">\n\t\t\t\t<div class=\"elementor-widget-container\">\n\t\t\t\t\t<h2 class=\"elementor-heading-title elementor-size-default\"><a href=\"https:\/\/www.lubrise.se\/index.php\/rengorande-aerosoler\/\">Reng\u00f6rande Aerosoler<\/a><\/h2>\t\t\t\t<\/div>\n\t\t\t\t<\/div>\n\t\t\t\t<\/div>\n\t\t<div class=\"elementor-element elementor-element-a8380d7 e-con-full e-flex e-con e-child\" data-id=\"a8380d7\" data-element_type=\"container\" data-e-type=\"container\" data-settings=\"{&quot;background_background&quot;:&quot;classic&quot;,&quot;jet_parallax_layout_list&quot;:[]}\">\n\t\t\t\t<div class=\"elementor-element elementor-element-cf49d90 elementor-widget elementor-widget-heading\" data-id=\"cf49d90\" data-element_type=\"widget\" data-e-type=\"widget\" data-widget_type=\"heading.default\">\n\t\t\t\t<div class=\"elementor-widget-container\">\n\t\t\t\t\t<h2 class=\"elementor-heading-title elementor-size-default\"><a href=\"https:\/\/www.lubrise.se\/index.php\/fett\/\">Fett<\/a><\/h2>\t\t\t\t<\/div>\n\t\t\t\t<\/div>\n\t\t\t\t<\/div>\n\t\t<div class=\"elementor-element elementor-element-ed1c426 e-con-full e-flex e-con e-child\" data-id=\"ed1c426\" data-element_type=\"container\" data-e-type=\"container\" data-settings=\"{&quot;background_background&quot;:&quot;classic&quot;,&quot;jet_parallax_layout_list&quot;:[]}\">\n\t\t\t\t<div class=\"elementor-element elementor-element-a1c18c7 elementor-widget elementor-widget-heading\" data-id=\"a1c18c7\" data-element_type=\"widget\" data-e-type=\"widget\" data-widget_type=\"heading.default\">\n\t\t\t\t<div class=\"elementor-widget-container\">\n\t\t\t\t\t<h2 class=\"elementor-heading-title elementor-size-default\"><a href=\"https:\/\/www.lubrise.se\/index.php\/tatning\/\">T\u00e4tning<\/a><\/h2>\t\t\t\t<\/div>\n\t\t\t\t<\/div>\n\t\t\t\t<\/div>\n\t\t<div class=\"elementor-element elementor-element-01ff142 e-con-full e-flex e-con e-child\" data-id=\"01ff142\" data-element_type=\"container\" data-e-type=\"container\" data-settings=\"{&quot;background_background&quot;:&quot;classic&quot;,&quot;jet_parallax_layout_list&quot;:[]}\">\n\t\t\t\t<div class=\"elementor-element elementor-element-2253ece elementor-widget elementor-widget-heading\" data-id=\"2253ece\" data-element_type=\"widget\" data-e-type=\"widget\" data-widget_type=\"heading.default\">\n\t\t\t\t<div class=\"elementor-widget-container\">\n\t\t\t\t\t<h2 class=\"elementor-heading-title elementor-size-default\"><a href=\"https:\/\/www.lubrise.se\/index.php\/wipes\/\">Wipes<\/a><\/h2>\t\t\t\t<\/div>\n\t\t\t\t<\/div>\n\t\t\t\t<\/div>\n\t\t\t\t<\/div>\n\t\t<div class=\"elementor-element elementor-element-f0766eb e-con-full e-flex e-con e-parent\" data-id=\"f0766eb\" data-element_type=\"container\" data-e-type=\"container\" data-settings=\"{&quot;jet_parallax_layout_list&quot;:[]}\">\n\t\t\t\t<div class=\"elementor-element elementor-element-e3149e7 elementor-widget elementor-widget-cta\" data-id=\"e3149e7\" data-element_type=\"widget\" data-e-type=\"widget\" data-settings=\"{&quot;layout_preset&quot;:&quot;streamline&quot;,&quot;content_alignment&quot;:&quot;center&quot;,&quot;content_alignment_tablet&quot;:&quot;center&quot;,&quot;content_alignment_mobile&quot;:&quot;center&quot;,&quot;primary_button_shape&quot;:&quot;default&quot;,&quot;secondary_button_shape&quot;:&quot;default&quot;,&quot;cta_width&quot;:&quot;default&quot;,&quot;cta_position&quot;:&quot;default&quot;,&quot;box_shape&quot;:&quot;sharp&quot;}\" data-widget_type=\"cta.default\">\n\t\t\t\t<div class=\"elementor-widget-container\">\n\t\t\t\t\t\t\t<div class=\"has-shape-sharp shape-type-box ehp-cta has-preset-streamline\">\n\t\t\t<div class=\"ehp-cta__overlay\"><\/div>\n\t\t\t<div class=\"ehp-cta__elements-container\">\n\t\t\t\t\t\t<div class=\"ehp-cta__text-container\">\n\t\t\t<h2 class=\"ehp-cta__heading\">Kundanpassade l\u00f6sningar<\/h2><p class=\"ehp-cta__description\">Vi erbjuder r\u00e5dgivning och anpassade produkter f\u00f6r att m\u00f6ta dina unika sm\u00f6rjningsbehov.<\/p>\t\t<\/div>\n\t\t\t\t\t<div class=\"ehp-cta__ctas-container has-cta-width-default\">\n\t\t\t\t<div class=\"ehp-cta__buttons-wrapper\">\n\t\t\t\t\t\t\t<a class=\"has-shape-default shape-type-button ehp-button ehp-button--primary ehp-cta__button ehp-cta__button--primary is-type-button\" href=\"https:\/\/www.lubrise.se\/index.php\/om-lubrise\/\">\n\t\t\t\t\t<span class=\"ehp-button__text ehp-cta__button-text ehp-cta__button-text--primary\">\n\t\t\tL\u00e4s mer om oss\t\t\t\t<\/a>\n\t\t\t\t\t\t\t\t\t\t\t<\/div>\n\t\t\t<\/div>\n\t\t\t\t\t<\/div>\n\t\t<\/div>\n\t\t\t\t\t\t<\/div>\n\t\t\t\t<\/div>\n\t\t\t\t<\/div>\n\t\t\t\t<\/div>\n\t\t","protected":false},"excerpt":{"rendered":"<p>H\u00f6gkvalitativa sm\u00f6rjmedel f\u00f6r industri och livsmedel Uppt\u00e4ck v\u00e5ra h\u00f6gkvalitativa aerosoler och fetter som garanterar s\u00e4ker och effektiv drift till er verksamhet. V\u00e4lj Lubrise f\u00f6r p\u00e5litlighet som st\u00e4rker din produktion. V\u00e5ra \u00e5terf\u00f6rs\u00e4ljare Kontakta oss Vill du bli \u00e5terf\u00f6rs\u00e4ljare? Kontakta oss h\u00e4r &gt;&gt; Livsmedelsanpassade produkter Sm\u00f6rjande &amp; l\u00f6sande Aersoler Reng\u00f6rande Aerosoler Fett T\u00e4tning Wipes Kundanpassade l\u00f6sningar Vi [&hellip;]<\/p>\n","protected":false},"author":1,"featured_media":0,"parent":0,"menu_order":0,"comment_status":"closed","ping_status":"closed","template":"elementor_header_footer","meta":{"pagelayer_contact_templates":[],"_pagelayer_content":"","footnotes":""},"class_list":["post-30","page","type-page","status-publish","hentry"],"yoast_head":"<!-- This site is optimized with the Yoast SEO plugin v27.2 - https:\/\/yoast.com\/product\/yoast-seo-wordpress\/ -->\n<title>Hem - Lubrise Technology<\/title>\n<meta name=\"robots\" content=\"index, follow, max-snippet:-1, max-image-preview:large, max-video-preview:-1\" \/>\n<link rel=\"canonical\" href=\"https:\/\/lubrise.se\/\" \/>\n<meta property=\"og:locale\" content=\"sv_SE\" \/>\n<meta property=\"og:type\" content=\"article\" \/>\n<meta property=\"og:title\" content=\"Hem - Lubrise Technology\" \/>\n<meta property=\"og:description\" content=\"H\u00f6gkvalitativa sm\u00f6rjmedel f\u00f6r industri och livsmedel Uppt\u00e4ck v\u00e5ra h\u00f6gkvalitativa aerosoler och fetter som garanterar s\u00e4ker och effektiv drift till er verksamhet. V\u00e4lj Lubrise f\u00f6r p\u00e5litlighet som st\u00e4rker din produktion. V\u00e5ra \u00e5terf\u00f6rs\u00e4ljare Kontakta oss Vill du bli \u00e5terf\u00f6rs\u00e4ljare? Kontakta oss h\u00e4r &gt;&gt; Livsmedelsanpassade produkter Sm\u00f6rjande &amp; l\u00f6sande Aersoler Reng\u00f6rande Aerosoler Fett T\u00e4tning Wipes Kundanpassade l\u00f6sningar Vi [&hellip;]\" \/>\n<meta property=\"og:url\" content=\"https:\/\/lubrise.se\/\" \/>\n<meta property=\"og:site_name\" content=\"Lubrise Technology\" \/>\n<meta property=\"article:modified_time\" content=\"2026-03-04T07:10:16+00:00\" \/>\n<meta property=\"og:image\" content=\"https:\/\/www.lubrise.se\/wp-content\/uploads\/2026\/02\/Lubrise-startsida-produkter.jpg\" \/>\n<meta name=\"twitter:card\" content=\"summary_large_image\" \/>\n<meta name=\"twitter:label1\" content=\"Ber\u00e4knad l\u00e4stid\" \/>\n\t<meta name=\"twitter:data1\" content=\"1 minut\" \/>\n<script type=\"application\/ld+json\" class=\"yoast-schema-graph\">{\"@context\":\"https:\/\/schema.org\",\"@graph\":[{\"@type\":\"WebPage\",\"@id\":\"https:\/\/lubrise.se\/\",\"url\":\"https:\/\/lubrise.se\/\",\"name\":\"Hem - Lubrise Technology\",\"isPartOf\":{\"@id\":\"https:\/\/lubrise.se\/#website\"},\"primaryImageOfPage\":{\"@id\":\"https:\/\/lubrise.se\/#primaryimage\"},\"image\":{\"@id\":\"https:\/\/lubrise.se\/#primaryimage\"},\"thumbnailUrl\":\"https:\/\/www.lubrise.se\/wp-content\/uploads\/2026\/02\/Lubrise-startsida-produkter.jpg\",\"datePublished\":\"2025-04-28T07:59:57+00:00\",\"dateModified\":\"2026-03-04T07:10:16+00:00\",\"breadcrumb\":{\"@id\":\"https:\/\/lubrise.se\/#breadcrumb\"},\"inLanguage\":\"sv-SE\",\"potentialAction\":[{\"@type\":\"ReadAction\",\"target\":[\"https:\/\/lubrise.se\/\"]}]},{\"@type\":\"ImageObject\",\"inLanguage\":\"sv-SE\",\"@id\":\"https:\/\/lubrise.se\/#primaryimage\",\"url\":\"https:\/\/www.lubrise.se\/wp-content\/uploads\/2026\/02\/Lubrise-startsida-produkter.jpg\",\"contentUrl\":\"https:\/\/www.lubrise.se\/wp-content\/uploads\/2026\/02\/Lubrise-startsida-produkter.jpg\"},{\"@type\":\"BreadcrumbList\",\"@id\":\"https:\/\/lubrise.se\/#breadcrumb\",\"itemListElement\":[{\"@type\":\"ListItem\",\"position\":1,\"name\":\"Hem\",\"item\":\"https:\/\/lubrise.se\/\"},{\"@type\":\"ListItem\",\"position\":2,\"name\":\"Hem\"}]},{\"@type\":\"WebSite\",\"@id\":\"https:\/\/lubrise.se\/#website\",\"url\":\"https:\/\/lubrise.se\/\",\"name\":\"Lubrise Technology\",\"description\":\"Sm\u00f6rjmedel och fetter av h\u00f6gsta kvalitet\",\"publisher\":{\"@id\":\"https:\/\/lubrise.se\/#organization\"},\"potentialAction\":[{\"@type\":\"SearchAction\",\"target\":{\"@type\":\"EntryPoint\",\"urlTemplate\":\"https:\/\/lubrise.se\/?s={search_term_string}\"},\"query-input\":{\"@type\":\"PropertyValueSpecification\",\"valueRequired\":true,\"valueName\":\"search_term_string\"}}],\"inLanguage\":\"sv-SE\"},{\"@type\":\"Organization\",\"@id\":\"https:\/\/lubrise.se\/#organization\",\"name\":\"Lubrise Technology\",\"url\":\"https:\/\/lubrise.se\/\",\"logo\":{\"@type\":\"ImageObject\",\"inLanguage\":\"sv-SE\",\"@id\":\"https:\/\/lubrise.se\/#\/schema\/logo\/image\/\",\"url\":\"https:\/\/lubrise.se\/wp-content\/uploads\/2025\/04\/Lubrise-logo-1.svg\",\"contentUrl\":\"https:\/\/lubrise.se\/wp-content\/uploads\/2025\/04\/Lubrise-logo-1.svg\",\"width\":708,\"height\":737,\"caption\":\"Lubrise Technology\"},\"image\":{\"@id\":\"https:\/\/lubrise.se\/#\/schema\/logo\/image\/\"}}]}<\/script>\n<!-- \/ Yoast SEO plugin. -->","yoast_head_json":{"title":"Hem - Lubrise Technology","robots":{"index":"index","follow":"follow","max-snippet":"max-snippet:-1","max-image-preview":"max-image-preview:large","max-video-preview":"max-video-preview:-1"},"canonical":"https:\/\/lubrise.se\/","og_locale":"sv_SE","og_type":"article","og_title":"Hem - Lubrise Technology","og_description":"H\u00f6gkvalitativa sm\u00f6rjmedel f\u00f6r industri och livsmedel Uppt\u00e4ck v\u00e5ra h\u00f6gkvalitativa aerosoler och fetter som garanterar s\u00e4ker och effektiv drift till er verksamhet. V\u00e4lj Lubrise f\u00f6r p\u00e5litlighet som st\u00e4rker din produktion. V\u00e5ra \u00e5terf\u00f6rs\u00e4ljare Kontakta oss Vill du bli \u00e5terf\u00f6rs\u00e4ljare? Kontakta oss h\u00e4r &gt;&gt; Livsmedelsanpassade produkter Sm\u00f6rjande &amp; l\u00f6sande Aersoler Reng\u00f6rande Aerosoler Fett T\u00e4tning Wipes Kundanpassade l\u00f6sningar Vi [&hellip;]","og_url":"https:\/\/lubrise.se\/","og_site_name":"Lubrise Technology","article_modified_time":"2026-03-04T07:10:16+00:00","og_image":[{"url":"https:\/\/www.lubrise.se\/wp-content\/uploads\/2026\/02\/Lubrise-startsida-produkter.jpg","type":"","width":"","height":""}],"twitter_card":"summary_large_image","twitter_misc":{"Ber\u00e4knad l\u00e4stid":"1 minut"},"schema":{"@context":"https:\/\/schema.org","@graph":[{"@type":"WebPage","@id":"https:\/\/lubrise.se\/","url":"https:\/\/lubrise.se\/","name":"Hem - Lubrise Technology","isPartOf":{"@id":"https:\/\/lubrise.se\/#website"},"primaryImageOfPage":{"@id":"https:\/\/lubrise.se\/#primaryimage"},"image":{"@id":"https:\/\/lubrise.se\/#primaryimage"},"thumbnailUrl":"https:\/\/www.lubrise.se\/wp-content\/uploads\/2026\/02\/Lubrise-startsida-produkter.jpg","datePublished":"2025-04-28T07:59:57+00:00","dateModified":"2026-03-04T07:10:16+00:00","breadcrumb":{"@id":"https:\/\/lubrise.se\/#breadcrumb"},"inLanguage":"sv-SE","potentialAction":[{"@type":"ReadAction","target":["https:\/\/lubrise.se\/"]}]},{"@type":"ImageObject","inLanguage":"sv-SE","@id":"https:\/\/lubrise.se\/#primaryimage","url":"https:\/\/www.lubrise.se\/wp-content\/uploads\/2026\/02\/Lubrise-startsida-produkter.jpg","contentUrl":"https:\/\/www.lubrise.se\/wp-content\/uploads\/2026\/02\/Lubrise-startsida-produkter.jpg"},{"@type":"BreadcrumbList","@id":"https:\/\/lubrise.se\/#breadcrumb","itemListElement":[{"@type":"ListItem","position":1,"name":"Hem","item":"https:\/\/lubrise.se\/"},{"@type":"ListItem","position":2,"name":"Hem"}]},{"@type":"WebSite","@id":"https:\/\/lubrise.se\/#website","url":"https:\/\/lubrise.se\/","name":"Lubrise Technology","description":"Sm\u00f6rjmedel och fetter av h\u00f6gsta kvalitet","publisher":{"@id":"https:\/\/lubrise.se\/#organization"},"potentialAction":[{"@type":"SearchAction","target":{"@type":"EntryPoint","urlTemplate":"https:\/\/lubrise.se\/?s={search_term_string}"},"query-input":{"@type":"PropertyValueSpecification","valueRequired":true,"valueName":"search_term_string"}}],"inLanguage":"sv-SE"},{"@type":"Organization","@id":"https:\/\/lubrise.se\/#organization","name":"Lubrise Technology","url":"https:\/\/lubrise.se\/","logo":{"@type":"ImageObject","inLanguage":"sv-SE","@id":"https:\/\/lubrise.se\/#\/schema\/logo\/image\/","url":"https:\/\/lubrise.se\/wp-content\/uploads\/2025\/04\/Lubrise-logo-1.svg","contentUrl":"https:\/\/lubrise.se\/wp-content\/uploads\/2025\/04\/Lubrise-logo-1.svg","width":708,"height":737,"caption":"Lubrise Technology"},"image":{"@id":"https:\/\/lubrise.se\/#\/schema\/logo\/image\/"}}]}},"_links":{"self":[{"href":"https:\/\/lubrise.se\/index.php\/wp-json\/wp\/v2\/pages\/30","targetHints":{"allow":["GET"]}}],"collection":[{"href":"https:\/\/lubrise.se\/index.php\/wp-json\/wp\/v2\/pages"}],"about":[{"href":"https:\/\/lubrise.se\/index.php\/wp-json\/wp\/v2\/types\/page"}],"author":[{"embeddable":true,"href":"https:\/\/lubrise.se\/index.php\/wp-json\/wp\/v2\/users\/1"}],"replies":[{"embeddable":true,"href":"https:\/\/lubrise.se\/index.php\/wp-json\/wp\/v2\/comments?post=30"}],"version-history":[{"count":131,"href":"https:\/\/lubrise.se\/index.php\/wp-json\/wp\/v2\/pages\/30\/revisions"}],"predecessor-version":[{"id":22149,"href":"https:\/\/lubrise.se\/index.php\/wp-json\/wp\/v2\/pages\/30\/revisions\/22149"}],"wp:attachment":[{"href":"https:\/\/lubrise.se\/index.php\/wp-json\/wp\/v2\/media?parent=30"}],"curies":[{"name":"wp","href":"https:\/\/api.w.org\/{rel}","templated":true}]}}